{"id":636,"date":"2018-01-27T01:09:33","date_gmt":"2018-01-27T01:09:33","guid":{"rendered":"http:\/\/www.saintours.eu\/wp\/home\/"},"modified":"2021-05-21T17:05:38","modified_gmt":"2021-05-21T17:05:38","slug":"home","status":"publish","type":"page","link":"https:\/\/www.saintours.eu\/en\/","title":{"rendered":"Home"},"content":{"rendered":"<\/div><\/div><\/div><!-- close content main div --><\/div><\/div><div id='av_section_1' class='avia-section main_color avia-section-default avia-no-shadow avia-full-stretch av-parallax-section avia-bg-style-parallax   av-minimum-height av-minimum-height-custom container_wrap sidebar_right'  data-section-bg-repeat='stretch' ><div class='av-parallax' data-avia-parallax-ratio='0.3' ><div class='av-parallax-inner main_color  avia-full-stretch' style = 'background-repeat: no-repeat; background-image: url(https:\/\/www.saintours.eu\/wp\/wp-content\/uploads\/2017\/10\/escalier-main1.jpg); background-attachment: scroll; background-position: center center; ' ><\/div><\/div><div class='container' style='height:600px'><div class='template-page content  av-content-small alpha units'><div class='post-entry post-entry-type-page post-entry-636'><div class='entry-content-wrapper clearfix'>\n<div style='padding-bottom:0px;color:#ffffff;font-size:40px;' class='av-special-heading av-special-heading-h1 custom-color-heading blockquote modern-quote   av-thin-font av-inherit-size '><h1 class='av-special-heading-tag '  itemprop=\"headline\"  >Welcome to <strong>La Demeure Saint Ours<\/strong><\/h1><div class ='av-subheading av-subheading_below av_custom_color ' style='font-size:18px;'><p>Chambres d&#8217;hotes in Loches<br \/>\nBook\u00a0<a href=\"http:\/\/www.saintours.eu\/en\/reservations\/\">online<\/a>\u00a0or call\u00a0<a href=\"tel:+33(0)675480641\">+33 (0)6 75 48 06 41<\/a> or <a href=\"tel:+33(0)633745482\">+33 (0)6 33 74 54 82<\/a><\/p>\n<\/div><div class='special-heading-border'><div class='special-heading-inner-border' style='border-color:#ffffff'><\/div><\/div><\/div>\n<\/div><\/div><\/div><!-- close content main div --><\/div><\/div><div id='after_section_1' class='main_color av_default_container_wrap container_wrap sidebar_right'   ><div class='container' ><div class='template-page content  av-content-small alpha units'><div class='post-entry post-entry-type-page post-entry-636'><div class='entry-content-wrapper clearfix'>\n<\/div><\/div><\/div><!-- close content main div --><\/div><\/div><div id='av_section_2' class='avia-section main_color avia-section-large avia-no-border-styling avia-bg-style-scroll   container_wrap sidebar_right' style = 'background-repeat: no-repeat; background-image: url(https:\/\/www.saintours.eu\/wp\/wp-content\/uploads\/2014\/07\/backg.jpg); background-attachment: scroll; background-position: bottom right; ' data-section-bg-repeat='no-repeat' ><div class='container' ><div class='template-page content  av-content-small alpha units'><div class='post-entry post-entry-type-page post-entry-636'><div class='entry-content-wrapper clearfix'>\n<div class=\"flex_column av_two_third  flex_column_div first  \" ><div  data-size='no scaling'  data-lightbox_size='large'  data-animation='fade'  data-ids='435,434,437,542'  data-video_counter='0'  data-autoplay='true'  data-bg_slider='false'  data-slide_height=''  data-handle='av_slideshow'  data-interval='3'  data-class=' '  data-css_id=''  data-scroll_down=''  data-control_layout='av-control-default'  data-custom_markup=''  data-perma_caption=''  data-autoplay_stopper=''  data-image_attachment=''  data-min_height='0px'  class='avia-slideshow avia-slideshow-1  av-control-default av-default-height-applied avia-slideshow-no scaling av_slideshow   avia-fade-slider '  itemscope=\"itemscope\" itemtype=\"https:\/\/schema.org\/ImageObject\" ><ul class='avia-slideshow-inner' style='padding-bottom: 73.2%;'><li  class=' slide-1 ' ><div data-rel='slideshow-1' class='avia-slide-wrap'  ><img src='https:\/\/www.saintours.eu\/wp\/wp-content\/uploads\/2014\/07\/index3.jpg' width='1000' height='732' title='index3' alt=''  itemprop=\"thumbnailUrl\"   \/><\/div><\/li><li  class=' slide-2 ' ><div data-rel='slideshow-1' class='avia-slide-wrap'  ><img src='https:\/\/www.saintours.eu\/wp\/wp-content\/uploads\/2014\/07\/index4.jpg' width='1000' height='732' title='index4' alt=''  itemprop=\"thumbnailUrl\"   \/><\/div><\/li><li  class=' slide-3 ' ><div data-rel='slideshow-1' class='avia-slide-wrap'  ><img src='https:\/\/www.saintours.eu\/wp\/wp-content\/uploads\/2014\/07\/index1.jpg' width='1000' height='732' title='index1' alt=''  itemprop=\"thumbnailUrl\"   \/><\/div><\/li><li  class=' slide-4 ' ><div data-rel='slideshow-1' class='avia-slide-wrap'  ><img src='https:\/\/www.saintours.eu\/wp\/wp-content\/uploads\/2014\/07\/IMG_8744b.jpg' width='1000' height='732' title='IMG_8744b' alt=''  itemprop=\"thumbnailUrl\"   \/><\/div><\/li><\/ul><div class='avia-slideshow-arrows avia-slideshow-controls'><a href='#prev' class='prev-slide' aria-hidden='true' data-av_icon='\ue87c' data-av_iconfont='entypo-fontello'>Previous<\/a><a href='#next' class='next-slide' aria-hidden='true' data-av_icon='\ue87d' data-av_iconfont='entypo-fontello'>Next<\/a><\/div><div class='avia-slideshow-dots avia-slideshow-controls'><a href='#1' class='goto-slide active' >1<\/a><a href='#2' class='goto-slide ' >2<\/a><a href='#3' class='goto-slide ' >3<\/a><a href='#4' class='goto-slide ' >4<\/a><\/div><\/div><\/div><div class=\"flex_column av_one_third  flex_column_div av-zero-column-padding   \" style='border-radius:0px; '><p><div style='padding-bottom:0px;' class='av-special-heading av-special-heading-h2  blockquote modern-quote   av-thin-font '><h2 class='av-special-heading-tag '  itemprop=\"headline\"  >Chambres d\u2019h\u00f4tes <span class='special_amp'>&amp;<\/span> <strong>in the heart of the Royal medieval city of Loches<\/strong><\/h2><div class='special-heading-border'><div class='special-heading-inner-border' ><\/div><\/div><\/div><br \/>\n<section class=\"av_textblock_section \"  itemscope=\"itemscope\" itemtype=\"https:\/\/schema.org\/CreativeWork\" ><div class='avia_textblock  '   itemprop=\"text\" ><p><strong>La Demeure Saint-Ours<\/strong>, chambres d\u2019h\u00f4tes, in the heart of the Royal City of\u00a0<strong>Loches<\/strong>, is ideally situated for a visit of the medieval city. You will be welcomed in this authentic XVIth Century private hotel (with a wooden staircase). Remarquably maintained and decorated, this house will give you a stay charm and confort (period clay floor tiles, beams and Tuffeau-stone fireplace).<\/p>\n<p>Vous pourrez ensuite visiter ou fl\u00e2ner dans la cit\u00e9 richement dot\u00e9e de monuments du Moyen-\u00e2ge, de mus\u00e9es ainsi que de nombreux restaurants. Claude votre h\u00f4te, vous accueille et vous conseille pour faire de votre s\u00e9jour en Touraine \u2018\u2019C\u00f4t\u00e9 Sud\u2019\u2019 un tr\u00e8s agr\u00e9able moment.<\/p>\n<blockquote>\n<p>Authentic XVIth Century private hotel.<\/p>\n<\/blockquote>\n<\/div><\/section><\/p><\/div>\n<\/div><\/div><\/div><!-- close content main div --><\/div><\/div><div id='after_section_2' class='main_color av_default_container_wrap container_wrap sidebar_right'   ><div class='container' ><div class='template-page content  av-content-small alpha units'><div class='post-entry post-entry-type-page post-entry-636'><div class='entry-content-wrapper clearfix'>\n<\/div><\/div><\/div><!-- close content main div --><\/div><\/div><div id='av_section_3' class='avia-section main_color avia-section-large avia-no-shadow avia-full-stretch av-parallax-section avia-bg-style-parallax   container_wrap sidebar_right'  data-section-bg-repeat='stretch' ><div class='av-parallax' data-avia-parallax-ratio='0.3' ><div class='av-parallax-inner main_color  avia-full-stretch' style = 'background-repeat: no-repeat; background-image: url(https:\/\/www.saintours.eu\/wp\/wp-content\/uploads\/2014\/07\/salle-manger-full.jpg); background-attachment: scroll; background-position: top center; ' ><\/div><\/div><div class='container' ><div class='template-page content  av-content-small alpha units'><div class='post-entry post-entry-type-page post-entry-636'><div class='entry-content-wrapper clearfix'>\n<div style='height:250px' class='hr hr-invisible  '><span class='hr-inner ' ><span class='hr-inner-style'><\/span><\/span><\/div>\n<div style='padding-bottom:0px;color:#ffffff;font-size:60px;' class='av-special-heading av-special-heading-h1 custom-color-heading blockquote modern-quote  av-thin-font av-inherit-size '><h1 class='av-special-heading-tag '  itemprop=\"headline\"  >LA DEMEURE <strong>SAINT OURS<\/strong><\/h1><div class ='av-subheading av-subheading_below av_custom_color ' style='font-size:20px;'><p>Chambres d\u2019h\u00f4tes in Loches<\/p>\n<\/div><div class='special-heading-border'><div class='special-heading-inner-border' style='border-color:#ffffff'><\/div><\/div><\/div>\n<\/div><\/div><\/div><!-- close content main div --><\/div><\/div><div id='after_section_3' class='main_color av_default_container_wrap container_wrap sidebar_right'   ><div class='container' ><div class='template-page content  av-content-small alpha units'><div class='post-entry post-entry-type-page post-entry-636'><div class='entry-content-wrapper clearfix'>\n<\/div><\/div><\/div><!-- close content main div --><\/div><\/div><div id='av_section_4' class='avia-section main_color avia-section-large avia-no-border-styling avia-bg-style-scroll   container_wrap sidebar_right'   ><div class='container' ><div class='template-page content  av-content-small alpha units'><div class='post-entry post-entry-type-page post-entry-636'><div class='entry-content-wrapper clearfix'>\n<div class=\"flex_column av_one_fourth  flex_column_div av-zero-column-padding first  \" style='border-radius:0px; '><p><div style='padding-bottom:0px;' class='av-special-heading av-special-heading-h3  blockquote modern-quote   av-thin-font '><h3 class='av-special-heading-tag '  itemprop=\"headline\"  >5 <strong>Rooms<\/strong><\/h3><div class='special-heading-border'><div class='special-heading-inner-border' ><\/div><\/div><\/div><br \/>\n<section class=\"av_textblock_section \"  itemscope=\"itemscope\" itemtype=\"https:\/\/schema.org\/CreativeWork\" ><div class='avia_textblock  '   itemprop=\"text\" ><p>The rooms at the B&amp;B are equipped with<strong>\u00a0double beds 160cm or 180cm wide<\/strong>\u00a0or\u00a0<strong>twin beds<\/strong>, a private bathroom with shower, an hair-dryer and independent toilets.<\/p>\n<\/div><\/section><br \/>\n<div class='avia-image-container  av-styling-no-styling av-hover-grow   avia-align-center '  itemscope=\"itemscope\" itemtype=\"https:\/\/schema.org\/ImageObject\"  ><div class='avia-image-container-inner'><a href='the-rooms\/' class='avia_image'  ><img class='avia_image ' src='https:\/\/www.saintours.eu\/wp\/wp-content\/uploads\/2017\/10\/chambres4.jpg' alt='' title='Chambre rouge'  itemprop=\"thumbnailUrl\"  \/><\/a><\/div><\/div><\/p><\/div><div class=\"flex_column av_one_fourth  flex_column_div av-zero-column-padding   \" style='border-radius:0px; '><p><div style='padding-bottom:0px;' class='av-special-heading av-special-heading-h3  blockquote modern-quote   av-thin-font '><h3 class='av-special-heading-tag '  itemprop=\"headline\"  >In the heart of the <strong>Royal City<\/strong> of Loches<\/h3><div class='special-heading-border'><div class='special-heading-inner-border' ><\/div><\/div><\/div><br \/>\n<section class=\"av_textblock_section \"  itemscope=\"itemscope\" itemtype=\"https:\/\/schema.org\/CreativeWork\" ><div class='avia_textblock  '   itemprop=\"text\" ><p>In the heart of the Royal City of\u00a0<strong>Loches<\/strong>, ideally situated for a visit of the medieval City.<\/p>\n<\/div><\/section><br \/>\n<div class='avia-image-container  av-styling- av-hover-grow   avia-align-center '  itemscope=\"itemscope\" itemtype=\"https:\/\/schema.org\/ImageObject\"  ><div class='avia-image-container-inner'><a href='loches-region\/' class='avia_image'  ><img class='avia_image ' src='https:\/\/www.saintours.eu\/wp\/wp-content\/uploads\/2014\/07\/DSC_8752a.jpg' alt='' title='DSC_8752a'  itemprop=\"thumbnailUrl\"  \/><\/a><\/div><\/div><\/p><\/div><div class=\"flex_column av_one_fourth  flex_column_div av-zero-column-padding   \" style='border-radius:0px; '><p><div style='padding-bottom:0px;' class='av-special-heading av-special-heading-h3  blockquote modern-quote   av-thin-font '><h3 class='av-special-heading-tag '  itemprop=\"headline\"  >H\u00f4tel particulier <strong>du XVI Century<\/strong><\/h3><div class='special-heading-border'><div class='special-heading-inner-border' ><\/div><\/div><\/div><br \/>\n<section class=\"av_textblock_section \"  itemscope=\"itemscope\" itemtype=\"https:\/\/schema.org\/CreativeWork\" ><div class='avia_textblock  '   itemprop=\"text\" ><p>Remarquably maintained and decorated, this cette house will give your a charm and confort .<\/p>\n<\/div><\/section><br \/>\n<div class='avia-image-container  av-styling- av-hover-grow   avia-align-center '  itemscope=\"itemscope\" itemtype=\"https:\/\/schema.org\/ImageObject\"  ><div class='avia-image-container-inner'><a href='the-rooms\/' class='avia_image'  ><img class='avia_image ' src='https:\/\/www.saintours.eu\/wp\/wp-content\/uploads\/2014\/07\/IMG_8757a.jpg' alt='' title='IMG_8757a'  itemprop=\"thumbnailUrl\"  \/><\/a><\/div><\/div><\/p><\/div><div class=\"flex_column av_one_fourth  flex_column_div av-zero-column-padding   \" style='border-radius:0px; '><p><div style='padding-bottom:0px;' class='av-special-heading av-special-heading-h3  blockquote modern-quote   av-thin-font '><h3 class='av-special-heading-tag '  itemprop=\"headline\"  ><strong>Book Now<\/strong><\/h3><div class='special-heading-border'><div class='special-heading-inner-border' ><\/div><\/div><\/div><br \/>\n<section class=\"av_textblock_section \"  itemscope=\"itemscope\" itemtype=\"https:\/\/schema.org\/CreativeWork\" ><div class='avia_textblock  '   itemprop=\"text\" ><p>Reserve directly <a href=\"http:\/\/www.saintours.eu\/en\/reservations\/\">online<\/a> or call <a href=\"tel:+33(0)675480641\">+33(0)6.75.48.06.41<\/a> or <a href=\"tel:+33(0)633745482\">+33(0)6.33.74.54.82<\/a><\/p>\n<\/div><\/section><br \/>\n<div class='avia-image-container  av-styling- av-hover-grow   avia-align-center '  itemscope=\"itemscope\" itemtype=\"https:\/\/schema.org\/ImageObject\"  ><div class='avia-image-container-inner'><a href='reservations\/' class='avia_image'  ><img class='avia_image ' src='https:\/\/www.saintours.eu\/wp\/wp-content\/uploads\/2014\/07\/IMG_8752a.jpg' alt='' title='IMG_8752a'  itemprop=\"thumbnailUrl\"  \/><\/a><\/div><\/div><\/p><\/div><\/div><\/div><\/div><!-- close content main div --><\/div><\/div><div id='after_section_4' class='main_color av_default_container_wrap container_wrap sidebar_right'   ><div class='container' ><div class='template-page content  av-content-small alpha units'><div class='post-entry post-entry-type-page post-entry-636'><div class='entry-content-wrapper clearfix'>\n","protected":false},"excerpt":{"rendered":"","protected":false},"author":1,"featured_media":0,"parent":0,"menu_order":0,"comment_status":"closed","ping_status":"closed","template":"","meta":[],"_links":{"self":[{"href":"https:\/\/www.saintours.eu\/en\/wp-json\/wp\/v2\/pages\/636"}],"collection":[{"href":"https:\/\/www.saintours.eu\/en\/wp-json\/wp\/v2\/pages"}],"about":[{"href":"https:\/\/www.saintours.eu\/en\/wp-json\/wp\/v2\/types\/page"}],"author":[{"embeddable":true,"href":"https:\/\/www.saintours.eu\/en\/wp-json\/wp\/v2\/users\/1"}],"replies":[{"embeddable":true,"href":"https:\/\/www.saintours.eu\/en\/wp-json\/wp\/v2\/comments?post=636"}],"version-history":[{"count":27,"href":"https:\/\/www.saintours.eu\/en\/wp-json\/wp\/v2\/pages\/636\/revisions"}],"predecessor-version":[{"id":821,"href":"https:\/\/www.saintours.eu\/en\/wp-json\/wp\/v2\/pages\/636\/revisions\/821"}],"wp:attachment":[{"href":"https:\/\/www.saintours.eu\/en\/wp-json\/wp\/v2\/media?parent=636"}],"curies":[{"name":"wp","href":"https:\/\/api.w.org\/{rel}","templated":true}]}}